{"id":14,"date":"2025-01-21T03:25:04","date_gmt":"2025-01-21T03:25:04","guid":{"rendered":"https:\/\/duoloungespa.com\/?page_id=14"},"modified":"2025-03-19T01:46:13","modified_gmt":"2025-03-19T01:46:13","slug":"lounge","status":"publish","type":"page","link":"https:\/\/duoloungespa.com\/en\/lounge\/","title":{"rendered":"Lounge"},"content":{"rendered":"<div data-elementor-type=\"wp-page\" data-elementor-id=\"14\" class=\"elementor elementor-14\" data-elementor-post-type=\"page\">\n\t\t\t\t<div class=\"elementor-element elementor-element-5e60a07 e-con-full elementor-hidden-mobile e-flex e-con e-parent\" data-id=\"5e60a07\" data-element_type=\"container\" data-e-type=\"container\" data-settings=\"{&quot;background_background&quot;:&quot;classic&quot;}\">\n\t\t<div class=\"elementor-element elementor-element-200743c e-con-full e-flex e-con e-child\" data-id=\"200743c\" data-element_type=\"container\" data-e-type=\"container\">\n\t\t\t\t<\/div>\n\t\t<div class=\"elementor-element elementor-element-074138f e-con-full elementor-hidden-mobile e-flex e-con e-child\" data-id=\"074138f\" data-element_type=\"container\" data-e-type=\"container\">\n\t\t\t\t<div class=\"elementor-element elementor-element-aa2a6d1 elementor-widget elementor-widget-heading\" data-id=\"aa2a6d1\" data-element_type=\"widget\" data-e-type=\"widget\" data-widget_type=\"heading.default\">\n\t\t\t\t\t<h1 class=\"elementor-heading-title elementor-size-default\">Lounge<\/h1>\t\t\t\t<\/div>\n\t\t\t\t<\/div>\n\t\t<div class=\"elementor-element elementor-element-cb1372c e-con-full e-flex e-con e-child\" data-id=\"cb1372c\" data-element_type=\"container\" data-e-type=\"container\">\n\t\t\t\t<\/div>\n\t\t\t\t<\/div>\n\t\t<div class=\"elementor-element elementor-element-4354c7e e-con-full elementor-hidden-desktop elementor-hidden-tablet e-flex e-con e-parent\" data-id=\"4354c7e\" data-element_type=\"container\" data-e-type=\"container\" id=\"topMobile\" data-settings=\"{&quot;background_background&quot;:&quot;classic&quot;}\">\n\t\t<div class=\"elementor-element elementor-element-b7e42b4 e-con-full e-flex e-con e-child\" data-id=\"b7e42b4\" data-element_type=\"container\" data-e-type=\"container\">\n\t\t\t\t<div class=\"elementor-element elementor-element-97e7f4c elementor-widget elementor-widget-heading\" data-id=\"97e7f4c\" data-element_type=\"widget\" data-e-type=\"widget\" data-widget_type=\"heading.default\">\n\t\t\t\t\t<h1 class=\"elementor-heading-title elementor-size-default\">Lounge<\/h1>\t\t\t\t<\/div>\n\t\t\t\t<\/div>\n\t\t\t\t<\/div>\n\t\t<div class=\"elementor-element elementor-element-a432e53 e-con-full e-flex e-con e-parent\" data-id=\"a432e53\" data-element_type=\"container\" data-e-type=\"container\" data-settings=\"{&quot;background_background&quot;:&quot;classic&quot;}\">\n\t\t\t\t<div class=\"elementor-element elementor-element-512ef02 elementor-widget elementor-widget-text-editor\" data-id=\"512ef02\" data-element_type=\"widget\" data-e-type=\"widget\" data-widget_type=\"text-editor.default\">\n\t\t\t\t\t\t\t\t\tWe\u2019ve created the perfect balance between fun and wellness.\n<br>\n<br>\nEnjoy a unique atmosphere enhanced by immersive music and a curated selection of special services.  Fun and wellness have never felt this good!\t\t\t\t\t\t\t\t<\/div>\n\t\t<div class=\"elementor-element elementor-element-b4cb848 e-con-full e-flex e-con e-child\" data-id=\"b4cb848\" data-element_type=\"container\" data-e-type=\"container\">\n\t\t<div class=\"elementor-element elementor-element-32d7eba e-con-full e-flex e-con e-child\" data-id=\"32d7eba\" data-element_type=\"container\" data-e-type=\"container\">\n\t\t\t\t<div class=\"elementor-element elementor-element-adba5c5 elementor-hidden-mobile elementor-widget elementor-widget-image\" data-id=\"adba5c5\" data-element_type=\"widget\" data-e-type=\"widget\" data-widget_type=\"image.default\">\n\t\t\t\t\t\t\t\t\t\t\t\t\t\t\t<img fetchpriority=\"high\" decoding=\"async\" width=\"681\" height=\"681\" src=\"https:\/\/duoloungespa.com\/wp-content\/uploads\/2025\/01\/img-lounge-elixir-de-bienestar-1.jpg\" class=\"attachment-large size-large wp-image-245\" alt=\"\" srcset=\"https:\/\/duoloungespa.com\/wp-content\/uploads\/2025\/01\/img-lounge-elixir-de-bienestar-1.jpg 681w, https:\/\/duoloungespa.com\/wp-content\/uploads\/2025\/01\/img-lounge-elixir-de-bienestar-1-300x300.jpg 300w, https:\/\/duoloungespa.com\/wp-content\/uploads\/2025\/01\/img-lounge-elixir-de-bienestar-1-150x150.jpg 150w\" sizes=\"(max-width: 681px) 100vw, 681px\" \/>\t\t\t\t\t\t\t\t\t\t\t\t\t\t\t<\/div>\n\t\t\t\t<\/div>\n\t\t<div class=\"elementor-element elementor-element-2b60776 e-con-full e-flex e-con e-child\" data-id=\"2b60776\" data-element_type=\"container\" data-e-type=\"container\">\n\t\t\t\t<div class=\"elementor-element elementor-element-713d0fe elementor-widget elementor-widget-heading\" data-id=\"713d0fe\" data-element_type=\"widget\" data-e-type=\"widget\" data-widget_type=\"heading.default\">\n\t\t\t\t\t<h2 class=\"elementor-heading-title elementor-size-default\">Wellness Elixir<\/h2>\t\t\t\t<\/div>\n\t\t\t\t<div class=\"elementor-element elementor-element-85da71b elementor-widget elementor-widget-text-editor\" data-id=\"85da71b\" data-element_type=\"widget\" data-e-type=\"widget\" data-widget_type=\"text-editor.default\">\n\t\t\t\t\t\t\t\t\tDiscover the art of mythology through our wellness-inspired cocktails and fine spirits. Each drink enhances your gourmet experience and extends the indulgence you truly deserve.\u00a0\t\t\t\t\t\t\t\t<\/div>\n\t\t\t\t<div class=\"elementor-element elementor-element-ef82e07 elementor-hidden-desktop elementor-hidden-tablet elementor-widget elementor-widget-image\" data-id=\"ef82e07\" data-element_type=\"widget\" data-e-type=\"widget\" data-widget_type=\"image.default\">\n\t\t\t\t\t\t\t\t\t\t\t\t\t\t\t<img fetchpriority=\"high\" decoding=\"async\" width=\"681\" height=\"681\" src=\"https:\/\/duoloungespa.com\/wp-content\/uploads\/2025\/01\/img-lounge-elixir-de-bienestar-1.jpg\" class=\"attachment-large size-large wp-image-245\" alt=\"\" srcset=\"https:\/\/duoloungespa.com\/wp-content\/uploads\/2025\/01\/img-lounge-elixir-de-bienestar-1.jpg 681w, https:\/\/duoloungespa.com\/wp-content\/uploads\/2025\/01\/img-lounge-elixir-de-bienestar-1-300x300.jpg 300w, https:\/\/duoloungespa.com\/wp-content\/uploads\/2025\/01\/img-lounge-elixir-de-bienestar-1-150x150.jpg 150w\" sizes=\"(max-width: 681px) 100vw, 681px\" \/>\t\t\t\t\t\t\t\t\t\t\t\t\t\t\t<\/div>\n\t\t\t\t<\/div>\n\t\t\t\t<\/div>\n\t\t<div class=\"elementor-element elementor-element-73ad3e4 e-con-full e-flex e-con e-child\" data-id=\"73ad3e4\" data-element_type=\"container\" data-e-type=\"container\">\n\t\t<div class=\"elementor-element elementor-element-736e35b e-con-full e-flex e-con e-child\" data-id=\"736e35b\" data-element_type=\"container\" data-e-type=\"container\">\n\t\t\t\t<div class=\"elementor-element elementor-element-02df084 elementor-widget elementor-widget-heading\" data-id=\"02df084\" data-element_type=\"widget\" data-e-type=\"widget\" data-widget_type=\"heading.default\">\n\t\t\t\t\t<h2 class=\"elementor-heading-title elementor-size-default\">Oxygen Bar<\/h2>\t\t\t\t<\/div>\n\t\t\t\t<div class=\"elementor-element elementor-element-37e4768 elementor-widget elementor-widget-text-editor\" data-id=\"37e4768\" data-element_type=\"widget\" data-e-type=\"widget\" data-widget_type=\"text-editor.default\">\n\t\t\t\t\t\t\t\t\t<p>Need a breath of fresh air? Rejuvenate your body and mind at our Oxygen Bar. This unique experience blends pure oxygen with immersive aromas to help combat jet lag and awaken your vitality. <br>\n<br>\nTransform your wellness\u2014breathe the difference.<\/p>\t\t\t\t\t\t\t\t<\/div>\n\t\t\t\t<\/div>\n\t\t<div class=\"elementor-element elementor-element-fbda943 e-con-full e-flex e-con e-child\" data-id=\"fbda943\" data-element_type=\"container\" data-e-type=\"container\">\n\t\t\t\t<div class=\"elementor-element elementor-element-52fe05b elementor-widget elementor-widget-image\" data-id=\"52fe05b\" data-element_type=\"widget\" data-e-type=\"widget\" data-widget_type=\"image.default\">\n\t\t\t\t\t\t\t\t\t\t\t\t\t\t\t<img decoding=\"async\" width=\"681\" height=\"681\" src=\"https:\/\/duoloungespa.com\/wp-content\/uploads\/2025\/01\/img-lounge-bar-de-oxygeno-1.jpg\" class=\"attachment-large size-large wp-image-246\" alt=\"\" srcset=\"https:\/\/duoloungespa.com\/wp-content\/uploads\/2025\/01\/img-lounge-bar-de-oxygeno-1.jpg 681w, https:\/\/duoloungespa.com\/wp-content\/uploads\/2025\/01\/img-lounge-bar-de-oxygeno-1-300x300.jpg 300w, https:\/\/duoloungespa.com\/wp-content\/uploads\/2025\/01\/img-lounge-bar-de-oxygeno-1-150x150.jpg 150w\" sizes=\"(max-width: 681px) 100vw, 681px\" \/>\t\t\t\t\t\t\t\t\t\t\t\t\t\t\t<\/div>\n\t\t\t\t<\/div>\n\t\t\t\t<\/div>\n\t\t<div class=\"elementor-element elementor-element-ecd778f e-con-full e-flex e-con e-child\" data-id=\"ecd778f\" data-element_type=\"container\" data-e-type=\"container\">\n\t\t<div class=\"elementor-element elementor-element-1b219ca e-con-full e-flex e-con e-child\" data-id=\"1b219ca\" data-element_type=\"container\" data-e-type=\"container\">\n\t\t\t\t<div class=\"elementor-element elementor-element-470bbef elementor-hidden-mobile elementor-widget elementor-widget-image\" data-id=\"470bbef\" data-element_type=\"widget\" data-e-type=\"widget\" data-widget_type=\"image.default\">\n\t\t\t\t\t\t\t\t\t\t\t\t\t\t\t<img decoding=\"async\" width=\"681\" height=\"681\" src=\"https:\/\/duoloungespa.com\/wp-content\/uploads\/2025\/01\/img-lounge-bar-de-ascarilla-1.jpg\" class=\"attachment-large size-large wp-image-247\" alt=\"\" srcset=\"https:\/\/duoloungespa.com\/wp-content\/uploads\/2025\/01\/img-lounge-bar-de-ascarilla-1.jpg 681w, https:\/\/duoloungespa.com\/wp-content\/uploads\/2025\/01\/img-lounge-bar-de-ascarilla-1-300x300.jpg 300w, https:\/\/duoloungespa.com\/wp-content\/uploads\/2025\/01\/img-lounge-bar-de-ascarilla-1-150x150.jpg 150w\" sizes=\"(max-width: 681px) 100vw, 681px\" \/>\t\t\t\t\t\t\t\t\t\t\t\t\t\t\t<\/div>\n\t\t\t\t<\/div>\n\t\t<div class=\"elementor-element elementor-element-5d72ee1 e-con-full e-flex e-con e-child\" data-id=\"5d72ee1\" data-element_type=\"container\" data-e-type=\"container\">\n\t\t\t\t<div class=\"elementor-element elementor-element-69a805b elementor-widget elementor-widget-heading\" data-id=\"69a805b\" data-element_type=\"widget\" data-e-type=\"widget\" data-widget_type=\"heading.default\">\n\t\t\t\t\t<h2 class=\"elementor-heading-title elementor-size-default\">Mask Bar<\/h2>\t\t\t\t<\/div>\n\t\t\t\t<div class=\"elementor-element elementor-element-26a6122 elementor-widget elementor-widget-text-editor\" data-id=\"26a6122\" data-element_type=\"widget\" data-e-type=\"widget\" data-widget_type=\"text-editor.default\">\n\t\t\t\t\t\t\t\t\tExperience a beauty ritual that transforms both your skin and your mood. Discover our sophisticated Mask Bar and let yourself be seduced\u2014here, self-care is lived to the fullest.\t\t\t\t\t\t\t\t<\/div>\n\t\t\t\t<div class=\"elementor-element elementor-element-ade17f9 elementor-hidden-desktop elementor-hidden-tablet elementor-widget elementor-widget-image\" data-id=\"ade17f9\" data-element_type=\"widget\" data-e-type=\"widget\" data-widget_type=\"image.default\">\n\t\t\t\t\t\t\t\t\t\t\t\t\t\t\t<img decoding=\"async\" width=\"681\" height=\"681\" src=\"https:\/\/duoloungespa.com\/wp-content\/uploads\/2025\/01\/img-lounge-bar-de-ascarilla-1.jpg\" class=\"attachment-large size-large wp-image-247\" alt=\"\" srcset=\"https:\/\/duoloungespa.com\/wp-content\/uploads\/2025\/01\/img-lounge-bar-de-ascarilla-1.jpg 681w, https:\/\/duoloungespa.com\/wp-content\/uploads\/2025\/01\/img-lounge-bar-de-ascarilla-1-300x300.jpg 300w, https:\/\/duoloungespa.com\/wp-content\/uploads\/2025\/01\/img-lounge-bar-de-ascarilla-1-150x150.jpg 150w\" sizes=\"(max-width: 681px) 100vw, 681px\" \/>\t\t\t\t\t\t\t\t\t\t\t\t\t\t\t<\/div>\n\t\t\t\t<\/div>\n\t\t\t\t<\/div>\n\t\t\t\t<\/div>\n\t\t\t\t<\/div>","protected":false},"excerpt":{"rendered":"<p>Lounge Lounge Hemos creado el equilibrio perfecto entre diversi\u00f3n y bienestar. Disfruta de una atm\u00f3sfera unica, acompa\u00f1ada de m\u00fasica envolvente y una selecci\u00f3n de servicios\u00a0 especiales. La diversi\u00f3n y el bienestar nunca supieron tan bien! Elixir de Bienestar Descubre el arte de la mitolog\u00eda con nuestros cocteles saludables y finos licores, cada bebida eleva tu [&hellip;]<\/p>\n","protected":false},"author":1,"featured_media":0,"parent":0,"menu_order":0,"comment_status":"closed","ping_status":"closed","template":"","meta":{"footnotes":""},"class_list":["post-14","page","type-page","status-publish","hentry"],"_links":{"self":[{"href":"https:\/\/duoloungespa.com\/en\/wp-json\/wp\/v2\/pages\/14","targetHints":{"allow":["GET"]}}],"collection":[{"href":"https:\/\/duoloungespa.com\/en\/wp-json\/wp\/v2\/pages"}],"about":[{"href":"https:\/\/duoloungespa.com\/en\/wp-json\/wp\/v2\/types\/page"}],"author":[{"embeddable":true,"href":"https:\/\/duoloungespa.com\/en\/wp-json\/wp\/v2\/users\/1"}],"replies":[{"embeddable":true,"href":"https:\/\/duoloungespa.com\/en\/wp-json\/wp\/v2\/comments?post=14"}],"version-history":[{"count":52,"href":"https:\/\/duoloungespa.com\/en\/wp-json\/wp\/v2\/pages\/14\/revisions"}],"predecessor-version":[{"id":1321,"href":"https:\/\/duoloungespa.com\/en\/wp-json\/wp\/v2\/pages\/14\/revisions\/1321"}],"wp:attachment":[{"href":"https:\/\/duoloungespa.com\/en\/wp-json\/wp\/v2\/media?parent=14"}],"curies":[{"name":"wp","href":"https:\/\/api.w.org\/{rel}","templated":true}]}}